{"id":254,"date":"2021-02-15T23:02:52","date_gmt":"2021-02-15T23:02:52","guid":{"rendered":"https:\/\/mabiwood.eu\/homepage\/"},"modified":"2021-09-23T22:38:14","modified_gmt":"2021-09-23T20:38:14","slug":"homepage","status":"publish","type":"page","link":"https:\/\/mabiwood.eu\/en\/","title":{"rendered":"Homepage"},"content":{"rendered":"\n<figure class=\"wp-block-image size-large is-style-default\"><img loading=\"lazy\" decoding=\"async\" width=\"768\" height=\"1024\" src=\"https:\/\/mabiwood.eu\/wp-content\/uploads\/2021\/09\/20210416_165127-1-768x1024.jpg\" alt=\"\" class=\"wp-image-873\" srcset=\"https:\/\/mabiwood.eu\/wp-content\/uploads\/2021\/09\/20210416_165127-1-768x1024.jpg 768w, https:\/\/mabiwood.eu\/wp-content\/uploads\/2021\/09\/20210416_165127-1-600x800.jpg 600w, https:\/\/mabiwood.eu\/wp-content\/uploads\/2021\/09\/20210416_165127-1-1152x1536.jpg 1152w, https:\/\/mabiwood.eu\/wp-content\/uploads\/2021\/09\/20210416_165127-1-1536x2048.jpg 1536w, https:\/\/mabiwood.eu\/wp-content\/uploads\/2021\/09\/20210416_165127-1-scaled.jpg 1920w\" sizes=\"auto, (max-width: 768px) 100vw, 768px\" \/><\/figure>\n","protected":false},"excerpt":{"rendered":"","protected":false},"author":1,"featured_media":0,"parent":0,"menu_order":0,"comment_status":"closed","ping_status":"closed","template":"tpl-homepage.php","meta":{"_acf_changed":false,"footnotes":""},"class_list":["post-254","page","type-page","status-publish","hentry"],"acf":[],"yoast_head":"<!-- This site is optimized with the Yoast SEO plugin v27.1.1 - https:\/\/yoast.com\/product\/yoast-seo-wordpress\/ -->\n<title>Homepage - MABI Wood<\/title>\n<meta name=\"description\" content=\"Luxury wood table epoxy exotic parota suar high quality handmade\" \/>\n<meta name=\"robots\" content=\"index, follow, max-snippet:-1, max-image-preview:large, max-video-preview:-1\" \/>\n<link rel=\"canonical\" href=\"https:\/\/mabiwood.eu\/en\/\" \/>\n<meta property=\"og:locale\" content=\"en_US\" \/>\n<meta property=\"og:type\" content=\"article\" \/>\n<meta property=\"og:title\" content=\"Homepage - MABI Wood\" \/>\n<meta property=\"og:description\" content=\"Luxury wood table epoxy exotic parota suar high quality handmade\" \/>\n<meta property=\"og:url\" content=\"https:\/\/mabiwood.eu\/en\/\" \/>\n<meta property=\"og:site_name\" content=\"MABI Wood\" \/>\n<meta property=\"article:modified_time\" content=\"2021-09-23T20:38:14+00:00\" \/>\n<meta property=\"og:image\" content=\"https:\/\/mabiwood.eu\/wp-content\/uploads\/2021\/09\/20210416_165127-1-768x1024.jpg\" \/>\n<meta name=\"twitter:card\" content=\"summary_large_image\" \/>\n<meta name=\"twitter:label1\" content=\"Est. reading time\" \/>\n\t<meta name=\"twitter:data1\" content=\"1 minute\" \/>\n<script type=\"application\/ld+json\" class=\"yoast-schema-graph\">{\"@context\":\"https:\/\/schema.org\",\"@graph\":[{\"@type\":\"WebPage\",\"@id\":\"https:\/\/mabiwood.eu\/en\/\",\"url\":\"https:\/\/mabiwood.eu\/en\/\",\"name\":\"Homepage - MABI Wood\",\"isPartOf\":{\"@id\":\"https:\/\/mabiwood.eu\/en\/#website\"},\"primaryImageOfPage\":{\"@id\":\"https:\/\/mabiwood.eu\/en\/#primaryimage\"},\"image\":{\"@id\":\"https:\/\/mabiwood.eu\/en\/#primaryimage\"},\"thumbnailUrl\":\"https:\/\/mabiwood.eu\/wp-content\/uploads\/2021\/09\/20210416_165127-1-768x1024.jpg\",\"datePublished\":\"2021-02-15T23:02:52+00:00\",\"dateModified\":\"2021-09-23T20:38:14+00:00\",\"description\":\"Luxury wood table epoxy exotic parota suar high quality handmade\",\"breadcrumb\":{\"@id\":\"https:\/\/mabiwood.eu\/en\/#breadcrumb\"},\"inLanguage\":\"en-US\",\"potentialAction\":[{\"@type\":\"ReadAction\",\"target\":[\"https:\/\/mabiwood.eu\/en\/\"]}]},{\"@type\":\"ImageObject\",\"inLanguage\":\"en-US\",\"@id\":\"https:\/\/mabiwood.eu\/en\/#primaryimage\",\"url\":\"https:\/\/mabiwood.eu\/wp-content\/uploads\/2021\/09\/20210416_165127-1-768x1024.jpg\",\"contentUrl\":\"https:\/\/mabiwood.eu\/wp-content\/uploads\/2021\/09\/20210416_165127-1-768x1024.jpg\"},{\"@type\":\"BreadcrumbList\",\"@id\":\"https:\/\/mabiwood.eu\/en\/#breadcrumb\",\"itemListElement\":[{\"@type\":\"ListItem\",\"position\":1,\"name\":\"Dom\u016f\",\"item\":\"https:\/\/mabiwood.eu\/en\/\"},{\"@type\":\"ListItem\",\"position\":2,\"name\":\"Homepage\"}]},{\"@type\":\"WebSite\",\"@id\":\"https:\/\/mabiwood.eu\/en\/#website\",\"url\":\"https:\/\/mabiwood.eu\/en\/\",\"name\":\"MABI Wood\",\"description\":\"Certifikovan\u00fd prodej exotick\u00fdch a evropsk\u00fdch d\u0159evin\",\"publisher\":{\"@id\":\"https:\/\/mabiwood.eu\/en\/#organization\"},\"potentialAction\":[{\"@type\":\"SearchAction\",\"target\":{\"@type\":\"EntryPoint\",\"urlTemplate\":\"https:\/\/mabiwood.eu\/en\/?s={search_term_string}\"},\"query-input\":{\"@type\":\"PropertyValueSpecification\",\"valueRequired\":true,\"valueName\":\"search_term_string\"}}],\"inLanguage\":\"en-US\"},{\"@type\":\"Organization\",\"@id\":\"https:\/\/mabiwood.eu\/en\/#organization\",\"name\":\"MABI wood\",\"url\":\"https:\/\/mabiwood.eu\/en\/\",\"logo\":{\"@type\":\"ImageObject\",\"inLanguage\":\"en-US\",\"@id\":\"https:\/\/mabiwood.eu\/en\/#\/schema\/logo\/image\/\",\"url\":\"https:\/\/mabiwood.eu\/wp-content\/uploads\/2021\/03\/logo-dark-kopie-2.png\",\"contentUrl\":\"https:\/\/mabiwood.eu\/wp-content\/uploads\/2021\/03\/logo-dark-kopie-2.png\",\"width\":440,\"height\":404,\"caption\":\"MABI wood\"},\"image\":{\"@id\":\"https:\/\/mabiwood.eu\/en\/#\/schema\/logo\/image\/\"},\"sameAs\":[\"https:\/\/www.instagram.com\/mabi_wood\/\"]}]}<\/script>\n<!-- \/ Yoast SEO plugin. -->","yoast_head_json":{"title":"Homepage - MABI Wood","description":"Luxury wood table epoxy exotic parota suar high quality handmade","robots":{"index":"index","follow":"follow","max-snippet":"max-snippet:-1","max-image-preview":"max-image-preview:large","max-video-preview":"max-video-preview:-1"},"canonical":"https:\/\/mabiwood.eu\/en\/","og_locale":"en_US","og_type":"article","og_title":"Homepage - MABI Wood","og_description":"Luxury wood table epoxy exotic parota suar high quality handmade","og_url":"https:\/\/mabiwood.eu\/en\/","og_site_name":"MABI Wood","article_modified_time":"2021-09-23T20:38:14+00:00","og_image":[{"url":"https:\/\/mabiwood.eu\/wp-content\/uploads\/2021\/09\/20210416_165127-1-768x1024.jpg","type":"","width":"","height":""}],"twitter_card":"summary_large_image","twitter_misc":{"Est. reading time":"1 minute"},"schema":{"@context":"https:\/\/schema.org","@graph":[{"@type":"WebPage","@id":"https:\/\/mabiwood.eu\/en\/","url":"https:\/\/mabiwood.eu\/en\/","name":"Homepage - MABI Wood","isPartOf":{"@id":"https:\/\/mabiwood.eu\/en\/#website"},"primaryImageOfPage":{"@id":"https:\/\/mabiwood.eu\/en\/#primaryimage"},"image":{"@id":"https:\/\/mabiwood.eu\/en\/#primaryimage"},"thumbnailUrl":"https:\/\/mabiwood.eu\/wp-content\/uploads\/2021\/09\/20210416_165127-1-768x1024.jpg","datePublished":"2021-02-15T23:02:52+00:00","dateModified":"2021-09-23T20:38:14+00:00","description":"Luxury wood table epoxy exotic parota suar high quality handmade","breadcrumb":{"@id":"https:\/\/mabiwood.eu\/en\/#breadcrumb"},"inLanguage":"en-US","potentialAction":[{"@type":"ReadAction","target":["https:\/\/mabiwood.eu\/en\/"]}]},{"@type":"ImageObject","inLanguage":"en-US","@id":"https:\/\/mabiwood.eu\/en\/#primaryimage","url":"https:\/\/mabiwood.eu\/wp-content\/uploads\/2021\/09\/20210416_165127-1-768x1024.jpg","contentUrl":"https:\/\/mabiwood.eu\/wp-content\/uploads\/2021\/09\/20210416_165127-1-768x1024.jpg"},{"@type":"BreadcrumbList","@id":"https:\/\/mabiwood.eu\/en\/#breadcrumb","itemListElement":[{"@type":"ListItem","position":1,"name":"Dom\u016f","item":"https:\/\/mabiwood.eu\/en\/"},{"@type":"ListItem","position":2,"name":"Homepage"}]},{"@type":"WebSite","@id":"https:\/\/mabiwood.eu\/en\/#website","url":"https:\/\/mabiwood.eu\/en\/","name":"MABI Wood","description":"Certifikovan\u00fd prodej exotick\u00fdch a evropsk\u00fdch d\u0159evin","publisher":{"@id":"https:\/\/mabiwood.eu\/en\/#organization"},"potentialAction":[{"@type":"SearchAction","target":{"@type":"EntryPoint","urlTemplate":"https:\/\/mabiwood.eu\/en\/?s={search_term_string}"},"query-input":{"@type":"PropertyValueSpecification","valueRequired":true,"valueName":"search_term_string"}}],"inLanguage":"en-US"},{"@type":"Organization","@id":"https:\/\/mabiwood.eu\/en\/#organization","name":"MABI wood","url":"https:\/\/mabiwood.eu\/en\/","logo":{"@type":"ImageObject","inLanguage":"en-US","@id":"https:\/\/mabiwood.eu\/en\/#\/schema\/logo\/image\/","url":"https:\/\/mabiwood.eu\/wp-content\/uploads\/2021\/03\/logo-dark-kopie-2.png","contentUrl":"https:\/\/mabiwood.eu\/wp-content\/uploads\/2021\/03\/logo-dark-kopie-2.png","width":440,"height":404,"caption":"MABI wood"},"image":{"@id":"https:\/\/mabiwood.eu\/en\/#\/schema\/logo\/image\/"},"sameAs":["https:\/\/www.instagram.com\/mabi_wood\/"]}]}},"_links":{"self":[{"href":"https:\/\/mabiwood.eu\/en\/wp-json\/wp\/v2\/pages\/254","targetHints":{"allow":["GET"]}}],"collection":[{"href":"https:\/\/mabiwood.eu\/en\/wp-json\/wp\/v2\/pages"}],"about":[{"href":"https:\/\/mabiwood.eu\/en\/wp-json\/wp\/v2\/types\/page"}],"author":[{"embeddable":true,"href":"https:\/\/mabiwood.eu\/en\/wp-json\/wp\/v2\/users\/1"}],"replies":[{"embeddable":true,"href":"https:\/\/mabiwood.eu\/en\/wp-json\/wp\/v2\/comments?post=254"}],"version-history":[{"count":15,"href":"https:\/\/mabiwood.eu\/en\/wp-json\/wp\/v2\/pages\/254\/revisions"}],"predecessor-version":[{"id":1021,"href":"https:\/\/mabiwood.eu\/en\/wp-json\/wp\/v2\/pages\/254\/revisions\/1021"}],"wp:attachment":[{"href":"https:\/\/mabiwood.eu\/en\/wp-json\/wp\/v2\/media?parent=254"}],"curies":[{"name":"wp","href":"https:\/\/api.w.org\/{rel}","templated":true}]}}